{"id":25253,"date":"2023-09-27T09:32:56","date_gmt":"2023-09-27T07:32:56","guid":{"rendered":"https:\/\/www.habitaretail.com\/politique-en-matiere-de-cookies\/"},"modified":"2025-12-15T11:53:46","modified_gmt":"2025-12-15T10:53:46","slug":"politique-en-matiere-de-cookies","status":"publish","type":"page","link":"https:\/\/www.habitaretail.com\/fr\/politique-en-matiere-de-cookies\/","title":{"rendered":"Politique en mati\u00e8re de cookies"},"content":{"rendered":"\t\t<div data-elementor-type=\"wp-page\" data-elementor-id=\"25253\" class=\"elementor elementor-25253 elementor-22275\" data-elementor-post-type=\"page\">\n\t\t\t\t\t\t<section class=\"elementor-section elementor-top-section elementor-element elementor-element-4831779c elementor-section-boxed elementor-section-height-default elementor-section-height-default\" data-id=\"4831779c\" data-element_type=\"section\" data-e-type=\"section\">\n\t\t\t\t\t\t<div class=\"elementor-container elementor-column-gap-default\">\n\t\t\t\t\t<div class=\"elementor-column elementor-col-100 elementor-top-column elementor-element elementor-element-7b66b9d7\" data-id=\"7b66b9d7\" data-element_type=\"column\" data-e-type=\"column\">\n\t\t\t<div class=\"elementor-widget-wrap elementor-element-populated\">\n\t\t\t\t\t\t<div class=\"elementor-element elementor-element-674c199 elementor-widget elementor-widget-spacer\" data-id=\"674c199\" data-element_type=\"widget\" data-e-type=\"widget\" data-widget_type=\"spacer.default\">\n\t\t\t\t<div class=\"elementor-widget-container\">\n\t\t\t\t\t\t\t<div class=\"elementor-spacer\">\n\t\t\t<div class=\"elementor-spacer-inner\"><\/div>\n\t\t<\/div>\n\t\t\t\t\t\t<\/div>\n\t\t\t\t<\/div>\n\t\t\t\t<div class=\"elementor-element elementor-element-5edda45 elementor-widget-tablet__width-initial elementor-widget__width-initial elementor-widget elementor-widget-heading\" data-id=\"5edda45\" data-element_type=\"widget\" data-e-type=\"widget\" data-settings=\"{&quot;_animation&quot;:&quot;none&quot;}\" data-widget_type=\"heading.default\">\n\t\t\t\t<div class=\"elementor-widget-container\">\n\t\t\t\t\t<h2 class=\"elementor-heading-title elementor-size-xxl\">Politique en mati\u00e8re de cookies<\/h2>\t\t\t\t<\/div>\n\t\t\t\t<\/div>\n\t\t\t\t<div class=\"elementor-element elementor-element-556682c elementor-widget elementor-widget-spacer\" data-id=\"556682c\" data-element_type=\"widget\" data-e-type=\"widget\" data-widget_type=\"spacer.default\">\n\t\t\t\t<div class=\"elementor-widget-container\">\n\t\t\t\t\t\t\t<div class=\"elementor-spacer\">\n\t\t\t<div class=\"elementor-spacer-inner\"><\/div>\n\t\t<\/div>\n\t\t\t\t\t\t<\/div>\n\t\t\t\t<\/div>\n\t\t\t\t<div class=\"elementor-element elementor-element-38bab163 elementor-widget__width-initial elementor-widget elementor-widget-text-editor\" data-id=\"38bab163\" data-element_type=\"widget\" data-e-type=\"widget\" data-widget_type=\"text-editor.default\">\n\t\t\t\t<div class=\"elementor-widget-container\">\n\t\t\t\t\t\t\t\t\t<h5>1.- Qu&#8217;est-ce qu&#8217;un cookie ?<\/h5><p style=\"padding-left: 40px;\">Les cookies, ainsi que des technologies similaires telles que les objets locaux partag\u00e9s, les cookies flash ou les pixels, sont des outils utilis\u00e9s par les serveurs web pour stocker et r\u00e9cup\u00e9rer des informations sur leurs visiteurs et pour assurer le bon fonctionnement du site.<\/p><h5>2.- Utilisation des cookies par HabitaRetail<\/h5><p style=\"padding-left: 40px;\">Chez HabitaRetail, nous utilisons des cookies pour m\u00e9moriser les pr\u00e9f\u00e9rences des utilisateurs, pour am\u00e9liorer l&#8217;exp\u00e9rience de navigation et pour collecter des donn\u00e9es qui nous aident \u00e0 am\u00e9liorer notre site web et les services que nous offrons.<\/p><h5>3.- Types de cookies :<\/h5><ul><li><strong>Cookies techniques et fonctionnels :<\/strong> ils permettent la navigation et l&#8217;utilisation des diff\u00e9rents services et options.<\/li><li><strong>Cookies analytiques :<\/strong> ils permettent de comprendre comment les utilisateurs interagissent avec le site web en collectant des donn\u00e9es sous une forme anonyme.<\/li><li><strong>Cookies publicitaires et comportementaux :<\/strong> ils sont utilis\u00e9s pour proposer des publicit\u00e9s mieux adapt\u00e9es aux int\u00e9r\u00eats de l&#8217;utilisateur.<\/li><li><strong>Cookies sociaux :<\/strong> ils permettent de partager notre contenu sur les r\u00e9seaux sociaux et peuvent suivre l&#8217;activit\u00e9 en ligne de l&#8217;utilisateur.<\/li><li><strong>Cookies d&#8217;affiliation :<\/strong> ils nous permettent de suivre les visites d&#8217;autres sites Web avec lesquels HabitaRetail a conclu un contrat d&#8217;affiliation.<\/li><li><strong>Cookies de s\u00e9curit\u00e9 :<\/strong> ils stockent des informations sous forme crypt\u00e9e afin d&#8217;\u00e9viter les vuln\u00e9rabilit\u00e9s.<\/li><\/ul><h5>4.- Traitement des donn\u00e9es \u00e0 caract\u00e8re personnel<\/h5><p style=\"padding-left: 40px;\">HabitaRetail est responsable du traitement des donn\u00e9es personnelles de l&#8217;utilisateur et garantit qu&#8217;elles seront trait\u00e9es conform\u00e9ment aux r\u00e8gles de protection des donn\u00e9es.<\/p><h5>5.- Objectifs du traitement :<\/h5><ul><li>Am\u00e9liorer l&#8217;exp\u00e9rience de l&#8217;utilisateur.<\/li><li>Proposer des produits et des services int\u00e9ressants.<\/li><li>Analyser le trafic pour optimiser le site web.<\/li><\/ul><h5 style=\"text-align: left;\">6.- L\u00e9gitimation du traitement :<\/h5><p style=\"padding-left: 40px;\">Avec le consentement de l&#8217;utilisateur (art. 6.1 GDPR).<\/p><h5 style=\"text-align: left;\">7.- Communication des donn\u00e9es :<\/h5><p style=\"padding-left: 40px;\">Les donn\u00e9es ne seront pas communiqu\u00e9es \u00e0 des tiers, sauf en cas d&#8217;obligation l\u00e9gale ou si cela est strictement n\u00e9cessaire \u00e0 la fourniture du service.<\/p><h5>8.- Droits de l&#8217;utilisateur :<\/h5><ul><li>Retirer son consentement \u00e0 tout moment.<\/li><li>Acc\u00e8s, rectification, portabilit\u00e9 et suppression de vos donn\u00e9es.<\/li><li>Introduire une r\u00e9clamation aupr\u00e8s de l&#8217;autorit\u00e9 de contr\u00f4le si vous estimez que le traitement n&#8217;est pas conforme \u00e0 la r\u00e9glementation en vigueur.<\/li><\/ul><h5>9.- Contact pour l&#8217;exercice de vos droits :<\/h5><p style=\"padding-left: 40px;\">HabitaRetail Consultoria S.L. avec NIF : B-56742273<\/p><ul><li>Courriel : <a href=\"mailto:info@habitaretail.com\" target=\"_new\">info@habitaretail.com<\/a><\/li><li>Adresse : Via Augusta 135 Local 3\u00ba ( 08021 Barcelona)<\/li><\/ul><h5 style=\"text-align: left;\">10.- Gestion des cookies \u00e0 partir du navigateur :<\/h5><p style=\"padding-left: 40px;\">Les utilisateurs peuvent configurer leur navigateur de mani\u00e8re \u00e0 ce qu&#8217;il accepte ou rejette tous les cookies par d\u00e9faut ou qu&#8217;il soit averti \u00e0 l&#8217;\u00e9cran de la r\u00e9ception de chaque cookie et qu&#8217;il d\u00e9cide \u00e0 ce moment-l\u00e0 de les accepter ou non. Vous pouvez \u00e9galement supprimer les cookies stock\u00e9s sur votre ordinateur via votre navigateur.<\/p><h5 style=\"text-align: left;\">11.- Modifications de la politique en mati\u00e8re de cookies :<\/h5><p style=\"padding-left: 40px;\">HabitaRetail se r\u00e9serve le droit de modifier cette politique pour l&#8217;adapter aux nouvelles l\u00e9gislations ou jurisprudences, ainsi qu&#8217;aux pratiques de l&#8217;industrie. Dans ce cas, nous publierons les modifications sur cette page raisonnablement avant leur mise en \u0153uvre.<\/p><p>Ce document a \u00e9t\u00e9 mis \u00e0 jour pour la derni\u00e8re fois le 27 septembre 2023.<\/p>\t\t\t\t\t\t\t\t<\/div>\n\t\t\t\t<\/div>\n\t\t\t\t\t<\/div>\n\t\t<\/div>\n\t\t\t\t\t<\/div>\n\t\t<\/section>\n\t\t\t\t<\/div>\n\t\t","protected":false},"excerpt":{"rendered":"<p>Politique en mati\u00e8re de cookies 1.- Qu&#8217;est-ce qu&#8217;un cookie ? Les cookies, ainsi que des technologies similaires telles que les objets locaux partag\u00e9s, les cookies flash ou les pixels, sont des outils utilis\u00e9s par les serveurs web pour stocker et r\u00e9cup\u00e9rer des informations sur leurs visiteurs et pour assurer le bon fonctionnement du site. 2.- [&hellip;]<\/p>\n","protected":false},"author":1,"featured_media":0,"parent":0,"menu_order":0,"comment_status":"closed","ping_status":"closed","template":"elementor_header_footer","meta":{"_monsterinsights_skip_tracking":false,"_monsterinsights_sitenote_active":false,"_monsterinsights_sitenote_note":"","_monsterinsights_sitenote_category":0,"footnotes":""},"class_list":["post-25253","page","type-page","status-publish","hentry"],"_links":{"self":[{"href":"https:\/\/www.habitaretail.com\/fr\/wp-json\/wp\/v2\/pages\/25253","targetHints":{"allow":["GET"]}}],"collection":[{"href":"https:\/\/www.habitaretail.com\/fr\/wp-json\/wp\/v2\/pages"}],"about":[{"href":"https:\/\/www.habitaretail.com\/fr\/wp-json\/wp\/v2\/types\/page"}],"author":[{"embeddable":true,"href":"https:\/\/www.habitaretail.com\/fr\/wp-json\/wp\/v2\/users\/1"}],"replies":[{"embeddable":true,"href":"https:\/\/www.habitaretail.com\/fr\/wp-json\/wp\/v2\/comments?post=25253"}],"version-history":[{"count":2,"href":"https:\/\/www.habitaretail.com\/fr\/wp-json\/wp\/v2\/pages\/25253\/revisions"}],"predecessor-version":[{"id":52479,"href":"https:\/\/www.habitaretail.com\/fr\/wp-json\/wp\/v2\/pages\/25253\/revisions\/52479"}],"wp:attachment":[{"href":"https:\/\/www.habitaretail.com\/fr\/wp-json\/wp\/v2\/media?parent=25253"}],"curies":[{"name":"wp","href":"https:\/\/api.w.org\/{rel}","templated":true}]}}