{"id":25116,"date":"2023-09-27T08:45:44","date_gmt":"2023-09-27T06:45:44","guid":{"rendered":"https:\/\/www.habitaretail.com\/avis-juridique\/"},"modified":"2025-12-15T11:54:02","modified_gmt":"2025-12-15T10:54:02","slug":"avis-juridique","status":"publish","type":"page","link":"https:\/\/www.habitaretail.com\/fr\/avis-juridique\/","title":{"rendered":"Avis juridique"},"content":{"rendered":"\t\t<div data-elementor-type=\"wp-page\" data-elementor-id=\"25116\" class=\"elementor elementor-25116 elementor-22258\" data-elementor-post-type=\"page\">\n\t\t\t\t\t\t<section class=\"elementor-section elementor-top-section elementor-element elementor-element-4831779c elementor-section-boxed elementor-section-height-default elementor-section-height-default\" data-id=\"4831779c\" data-element_type=\"section\" data-e-type=\"section\">\n\t\t\t\t\t\t<div class=\"elementor-container elementor-column-gap-default\">\n\t\t\t\t\t<div class=\"elementor-column elementor-col-100 elementor-top-column elementor-element elementor-element-7b66b9d7\" data-id=\"7b66b9d7\" data-element_type=\"column\" data-e-type=\"column\">\n\t\t\t<div class=\"elementor-widget-wrap elementor-element-populated\">\n\t\t\t\t\t\t<div class=\"elementor-element elementor-element-674c199 elementor-widget elementor-widget-spacer\" data-id=\"674c199\" data-element_type=\"widget\" data-e-type=\"widget\" data-widget_type=\"spacer.default\">\n\t\t\t\t<div class=\"elementor-widget-container\">\n\t\t\t\t\t\t\t<div class=\"elementor-spacer\">\n\t\t\t<div class=\"elementor-spacer-inner\"><\/div>\n\t\t<\/div>\n\t\t\t\t\t\t<\/div>\n\t\t\t\t<\/div>\n\t\t\t\t<div class=\"elementor-element elementor-element-5edda45 elementor-widget-tablet__width-initial elementor-widget__width-initial elementor-widget elementor-widget-heading\" data-id=\"5edda45\" data-element_type=\"widget\" data-e-type=\"widget\" data-settings=\"{&quot;_animation&quot;:&quot;none&quot;}\" data-widget_type=\"heading.default\">\n\t\t\t\t<div class=\"elementor-widget-container\">\n\t\t\t\t\t<h2 class=\"elementor-heading-title elementor-size-xxl\">Avis juridique<\/h2>\t\t\t\t<\/div>\n\t\t\t\t<\/div>\n\t\t\t\t<div class=\"elementor-element elementor-element-38bab163 elementor-widget__width-initial elementor-widget elementor-widget-text-editor\" data-id=\"38bab163\" data-element_type=\"widget\" data-e-type=\"widget\" data-widget_type=\"text-editor.default\">\n\t\t\t\t<div class=\"elementor-widget-container\">\n\t\t\t\t\t\t\t\t\t<h3> <\/h3><h5><u>1. les conditions g\u00e9n\u00e9rales<\/u><\/h5><p>Ce document l\u00e9gal \u00e9tablit les conditions qui r\u00e9gissent l&#8217;utilisation et l&#8217;acc\u00e8s au site web <a href=\"https:\/\/www.habitaretail.com\/fr\/\" target=\"_new\">https:\/\/www.habitaretail.com<\/a> (ci-apr\u00e8s, le site web) et les responsabilit\u00e9s d\u00e9riv\u00e9es de son utilisation, conform\u00e9ment \u00e0 la loi 34\/2002, du 11 juillet, sur les services de la soci\u00e9t\u00e9 de l&#8217;information et le commerce \u00e9lectronique (LSSI). Il est entendu que l&#8217;acc\u00e8s ou l&#8217;utilisation du site web par l&#8217;utilisateur implique son adh\u00e9sion \u00e0 toutes les conditions que HabitaRetail Consultoria S.L., avec NIF-B56742273 (ci-apr\u00e8s &#8220;HabitaRetail&#8221;), a publi\u00e9es \u00e0 ce moment-l\u00e0 sur le site web. HabitaRetail veille au respect de la l\u00e9gislation en vigueur en mati\u00e8re de protection des donn\u00e9es personnelles, de la vie priv\u00e9e des utilisateurs et de la s\u00e9curit\u00e9 de leurs donn\u00e9es personnelles, en adoptant les mesures techniques et organisationnelles n\u00e9cessaires pour \u00e9viter la perte, l&#8217;utilisation abusive, l&#8217;alt\u00e9ration, l&#8217;acc\u00e8s non autoris\u00e9 et le vol des donn\u00e9es personnelles fournies.<\/p><h5><u>2. le titulaire<\/u><\/h5><p>Le propri\u00e9taire de ce site web est HabitaRetail, dont l&#8217;adresse de contact est Via Augusta 135 Local 3\u00ba dans la ville de Barcelone et l&#8217;adresse \u00e9lectronique <a href=\"mailto:info@habitaretail.com\" target=\"_new\">info@habitaretail.com<\/a>.<\/p><h5><span style=\"text-decoration: underline;\">3. Objet<\/span><\/h5><p>Le but de ce site web est d&#8217;informer sur les activit\u00e9s et les services que HabitaRetail d\u00e9veloppe et offre.<\/p><h5><span style=\"text-decoration: underline;\">4. Droits de propri\u00e9t\u00e9 intellectuelle et industrielle<\/span><\/h5><p>L&#8217;int\u00e9gralit\u00e9 de ce site Web : textes, images, marques, logos, boutons, fichiers logiciels, structure, s\u00e9lection, arrangement et pr\u00e9sentation de son contenu est prot\u00e9g\u00e9e par les lois espagnoles et internationales sur la propri\u00e9t\u00e9 intellectuelle et industrielle. En aucun cas l&#8217;acc\u00e8s de tiers \u00e0 ce site n&#8217;implique une quelconque renonciation, transmission ou cession totale ou partielle des droits accord\u00e9s par la l\u00e9gislation espagnole et internationale en mati\u00e8re de propri\u00e9t\u00e9 intellectuelle et industrielle.<\/p><h5><span style=\"text-decoration: underline;\">5. L&#8217;acc\u00e8s<\/span><\/h5><p>L&#8217;acc\u00e8s au site web par les utilisateurs est gratuit. HabitaRetail se r\u00e9serve le droit de limiter l&#8217;acc\u00e8s \u00e0 certaines zones du site web. L&#8217;utilisateur s&#8217;engage \u00e0 utiliser le contenu de mani\u00e8re diligente, correcte et l\u00e9gale.<\/p><h5 style=\"text-align: left;\"><span style=\"text-decoration: underline;\">6. Responsabilit\u00e9 et obligations<\/span><\/h5><div> <\/div><h6>6.1. Responsabilit\u00e9 du contenu<\/h6><p>Le contenu de ce site web est de nature g\u00e9n\u00e9rale, \u00e0 des fins d&#8217;information uniquement. HabitaRetail d\u00e9cline toute responsabilit\u00e9 pour toute d\u00e9cision prise par l&#8217;utilisateur du site web.<\/p><h6>6.2. Responsabilit\u00e9 des liens vers d&#8217;autres sites web (liens)<\/h6><p>HabitaRetail n&#8217;accepte aucune responsabilit\u00e9 pour tout aspect, en particulier le contenu, relatif aux pages li\u00e9es.<\/p><h6>6.3. Responsabilit\u00e9 dans le cas o\u00f9 ce site est la destination du lien introduit dans un autre site<\/h6><p>HabitaRetail n&#8217;assume aucune responsabilit\u00e9 quant \u00e0 tout aspect li\u00e9 au site Web offrant le lien.<\/p><h6>6.4. Responsabilit\u00e9 Aspects techniques<\/h6><p>HabitaRetail d\u00e9cline toute responsabilit\u00e9 pour les dommages r\u00e9sultant de la navigation sur Internet n\u00e9cessaire \u00e0 l&#8217;utilisation de ce site.<\/p><h6>6.5. Obligations des utilisateurs<\/h6><p>L&#8217;utilisateur sera responsable de tout dommage que HabitaRetail pourrait subir en raison du non-respect de l&#8217;une des obligations \u00e9nonc\u00e9es dans le pr\u00e9sent avis juridique.<\/p><h5><span style=\"text-decoration: underline;\">7. Dur\u00e9e et modification<\/span><\/h5><p>HabitaRetail a le droit de modifier unilat\u00e9ralement les termes et conditions stipul\u00e9s aux pr\u00e9sentes, en tout ou en partie.<\/p><h5><span style=\"text-decoration: underline;\">8. L\u00e9gislation et comp\u00e9tence<\/span><\/h5><p>Les pr\u00e9sentes conditions d&#8217;utilisation sont r\u00e9gies par le droit espagnol. En cas de litige entre l&#8217;utilisateur et HabitaRetail, les parties se soumettent aux cours et tribunaux de Barcelone (Espagne).<\/p>\t\t\t\t\t\t\t\t<\/div>\n\t\t\t\t<\/div>\n\t\t\t\t\t<\/div>\n\t\t<\/div>\n\t\t\t\t\t<\/div>\n\t\t<\/section>\n\t\t\t\t<\/div>\n\t\t","protected":false},"excerpt":{"rendered":"<p>Avis juridique 1. les conditions g\u00e9n\u00e9rales Ce document l\u00e9gal \u00e9tablit les conditions qui r\u00e9gissent l&#8217;utilisation et l&#8217;acc\u00e8s au site web https:\/\/www.habitaretail.com (ci-apr\u00e8s, le site web) et les responsabilit\u00e9s d\u00e9riv\u00e9es de son utilisation, conform\u00e9ment \u00e0 la loi 34\/2002, du 11 juillet, sur les services de la soci\u00e9t\u00e9 de l&#8217;information et le commerce \u00e9lectronique (LSSI). Il est [&hellip;]<\/p>\n","protected":false},"author":1,"featured_media":0,"parent":0,"menu_order":0,"comment_status":"closed","ping_status":"closed","template":"elementor_header_footer","meta":{"_monsterinsights_skip_tracking":false,"_monsterinsights_sitenote_active":false,"_monsterinsights_sitenote_note":"","_monsterinsights_sitenote_category":0,"footnotes":""},"class_list":["post-25116","page","type-page","status-publish","hentry"],"_links":{"self":[{"href":"https:\/\/www.habitaretail.com\/fr\/wp-json\/wp\/v2\/pages\/25116","targetHints":{"allow":["GET"]}}],"collection":[{"href":"https:\/\/www.habitaretail.com\/fr\/wp-json\/wp\/v2\/pages"}],"about":[{"href":"https:\/\/www.habitaretail.com\/fr\/wp-json\/wp\/v2\/types\/page"}],"author":[{"embeddable":true,"href":"https:\/\/www.habitaretail.com\/fr\/wp-json\/wp\/v2\/users\/1"}],"replies":[{"embeddable":true,"href":"https:\/\/www.habitaretail.com\/fr\/wp-json\/wp\/v2\/comments?post=25116"}],"version-history":[{"count":3,"href":"https:\/\/www.habitaretail.com\/fr\/wp-json\/wp\/v2\/pages\/25116\/revisions"}],"predecessor-version":[{"id":52490,"href":"https:\/\/www.habitaretail.com\/fr\/wp-json\/wp\/v2\/pages\/25116\/revisions\/52490"}],"wp:attachment":[{"href":"https:\/\/www.habitaretail.com\/fr\/wp-json\/wp\/v2\/media?parent=25116"}],"curies":[{"name":"wp","href":"https:\/\/api.w.org\/{rel}","templated":true}]}}