{"id":24715,"date":"2016-03-10T18:52:12","date_gmt":"2016-03-10T17:52:12","guid":{"rendered":"https:\/\/www.habitaretail.com\/politique-de-confidentialite\/"},"modified":"2025-12-15T11:52:56","modified_gmt":"2025-12-15T10:52:56","slug":"politique-de-confidentialite","status":"publish","type":"page","link":"https:\/\/www.habitaretail.com\/fr\/politique-de-confidentialite\/","title":{"rendered":"Politique de confidentialit\u00e9"},"content":{"rendered":"\t\t<div data-elementor-type=\"wp-page\" data-elementor-id=\"24715\" class=\"elementor elementor-24715 elementor-748\" data-elementor-post-type=\"page\">\n\t\t\t\t\t\t<section class=\"elementor-section elementor-top-section elementor-element elementor-element-4831779c elementor-section-boxed elementor-section-height-default elementor-section-height-default\" data-id=\"4831779c\" data-element_type=\"section\" data-e-type=\"section\">\n\t\t\t\t\t\t<div class=\"elementor-container elementor-column-gap-default\">\n\t\t\t\t\t<div class=\"elementor-column elementor-col-100 elementor-top-column elementor-element elementor-element-7b66b9d7\" data-id=\"7b66b9d7\" data-element_type=\"column\" data-e-type=\"column\">\n\t\t\t<div class=\"elementor-widget-wrap elementor-element-populated\">\n\t\t\t\t\t\t<div class=\"elementor-element elementor-element-674c199 elementor-widget elementor-widget-spacer\" data-id=\"674c199\" data-element_type=\"widget\" data-e-type=\"widget\" data-widget_type=\"spacer.default\">\n\t\t\t\t<div class=\"elementor-widget-container\">\n\t\t\t\t\t\t\t<div class=\"elementor-spacer\">\n\t\t\t<div class=\"elementor-spacer-inner\"><\/div>\n\t\t<\/div>\n\t\t\t\t\t\t<\/div>\n\t\t\t\t<\/div>\n\t\t\t\t<div class=\"elementor-element elementor-element-5edda45 elementor-widget-tablet__width-initial elementor-widget__width-initial elementor-widget elementor-widget-heading\" data-id=\"5edda45\" data-element_type=\"widget\" data-e-type=\"widget\" data-settings=\"{&quot;_animation&quot;:&quot;none&quot;}\" data-widget_type=\"heading.default\">\n\t\t\t\t<div class=\"elementor-widget-container\">\n\t\t\t\t\t<h2 class=\"elementor-heading-title elementor-size-xxl\">Politique de confidentialit\u00e9<\/h2>\t\t\t\t<\/div>\n\t\t\t\t<\/div>\n\t\t\t\t<div class=\"elementor-element elementor-element-adaa834 elementor-widget elementor-widget-spacer\" data-id=\"adaa834\" data-element_type=\"widget\" data-e-type=\"widget\" data-widget_type=\"spacer.default\">\n\t\t\t\t<div class=\"elementor-widget-container\">\n\t\t\t\t\t\t\t<div class=\"elementor-spacer\">\n\t\t\t<div class=\"elementor-spacer-inner\"><\/div>\n\t\t<\/div>\n\t\t\t\t\t\t<\/div>\n\t\t\t\t<\/div>\n\t\t\t\t<div class=\"elementor-element elementor-element-38bab163 elementor-widget__width-initial elementor-widget elementor-widget-text-editor\" data-id=\"38bab163\" data-element_type=\"widget\" data-e-type=\"widget\" data-widget_type=\"text-editor.default\">\n\t\t\t\t<div class=\"elementor-widget-container\">\n\t\t\t\t\t\t\t\t\t<h5>1. In<strong>formations sur l&#8217;utilisateur<\/strong><\/h5><ul><li><strong>Responsable du traitement des donn\u00e9es :<\/strong> Habitaretail Consultoria S.L., avec NIF-B56742273, (ci-apr\u00e8s &#8221; HabitaRetail &#8220;) avec l&#8217;adresse e-mail <a href=\"mailto:info@habitaretail.com\" target=\"_new\">info@habitaretail.com,<\/a> est responsable du traitement des donn\u00e9es personnelles de l&#8217;utilisateur, et s&#8217;engage \u00e0 prot\u00e9ger la vie priv\u00e9e de ses utilisateurs conform\u00e9ment aux dispositions du R\u00e8glement (UE) 2016\/679 du 27 avril 2016 (GDPR).<\/li><\/ul><h5>2. La <strong>finalit\u00e9 du traitement des donn\u00e9es<\/strong>:<\/h5><ul><li>Maintenir une relation commerciale avec l&#8217;utilisateur.<\/li><li>Envoi de communications commerciales relatives \u00e0 nos produits et services, y compris par voie \u00e9lectronique.<\/li><li>R\u00e9alisation d&#8217;\u00e9tudes statistiques.<\/li><li>Traiter les demandes ou tout type de demande formul\u00e9e par l&#8217;utilisateur par le biais des m\u00e9thodes de contact fournies.<\/li><\/ul><h5>3. <strong>Conservation des donn\u00e9es :<\/strong><\/h5><p style=\"padding-left: 40px;\">Les donn\u00e9es seront conserv\u00e9es aussi longtemps qu&#8217;il existe un int\u00e9r\u00eat mutuel \u00e0 maintenir la finalit\u00e9 du traitement et seront effac\u00e9es avec des mesures de s\u00e9curit\u00e9 appropri\u00e9es pour garantir la pseudonymisation des donn\u00e9es ou leur destruction compl\u00e8te.<\/p><h5>4. <strong>Communication de donn\u00e9es :<\/strong><\/h5><p style=\"padding-left: 40px;\">Les donn\u00e9es ne seront pas communiqu\u00e9es \u00e0 des tiers, sauf obligation l\u00e9gale.<\/p><h5>5. <strong>Droits des utilisateurs :<\/strong><\/h5><ul><li>Retirer son consentement \u00e0 tout moment.<\/li><li>L&#8217;acc\u00e8s, la rectification, la portabilit\u00e9 et l&#8217;effacement de vos donn\u00e9es et la limitation ou l&#8217;opposition \u00e0 leur traitement.<\/li><li>Introduire une r\u00e9clamation aupr\u00e8s de l&#8217;autorit\u00e9 de contr\u00f4le<a href=\"http:\/\/www.aepd.es\/\" target=\"_new\" rel=\"noopener\">(www.aepd.es)<\/a> si vous estimez que le traitement n&#8217;est pas conforme \u00e0 la r\u00e9glementation en vigueur.<\/li><li>Contact pour l&#8217;exercice de vos droits : <a href=\"mailto:info@habitaretail.com\" target=\"_new\">rgpd@habitaretail.com<\/a><\/li><\/ul><h5>6. <strong>Informations fournies par l&#8217;utilisateur :<\/strong><\/h5><p style=\"padding-left: 40px;\">En cochant la case correspondante et en saisissant des donn\u00e9es dans les champs du formulaire, les utilisateurs acceptent express\u00e9ment, librement et sans \u00e9quivoque que leurs donn\u00e9es soient n\u00e9cessaires au traitement de leur demande. L&#8217;utilisateur garantit la v\u00e9racit\u00e9 des donn\u00e9es personnelles fournies et est responsable de la communication de tout changement.<\/p><h5>7. <strong>Mesures de s\u00e9curit\u00e9 :<\/strong><\/h5><p style=\"padding-left: 40px;\">HabitaRetail respecte les dispositions de la r\u00e9glementation en vigueur en mati\u00e8re de protection des donn\u00e9es personnelles et les principes d\u00e9crits dans le GDPR, en garantissant la mise en \u0153uvre de politiques techniques et organisationnelles appropri\u00e9es pour appliquer les mesures de s\u00e9curit\u00e9 requises, prot\u00e9geant ainsi les droits et les libert\u00e9s des utilisateurs.<\/p><h5>8. <strong>Modification de la politique de confidentialit\u00e9 :<\/strong><\/h5><p style=\"padding-left: 40px;\">HabitaRetail se r\u00e9serve le droit de modifier sa politique de confidentialit\u00e9 conform\u00e9ment \u00e0 la l\u00e9gislation applicable \u00e0 tout moment. Toute modification de la politique de confidentialit\u00e9 sera publi\u00e9e sur le site web.<\/p><p>Date de la <strong>derni\u00e8re mise \u00e0 jour : <\/strong>27 septembre 2023.<\/p>\t\t\t\t\t\t\t\t<\/div>\n\t\t\t\t<\/div>\n\t\t\t\t\t<\/div>\n\t\t<\/div>\n\t\t\t\t\t<\/div>\n\t\t<\/section>\n\t\t\t\t<\/div>\n\t\t","protected":false},"excerpt":{"rendered":"<p>Politique de confidentialit\u00e9 1. Informations sur l&#8217;utilisateur Responsable du traitement des donn\u00e9es : Habitaretail Consultoria S.L., avec NIF-B56742273, (ci-apr\u00e8s &#8221; HabitaRetail &#8220;) avec l&#8217;adresse e-mail info@habitaretail.com, est responsable du traitement des donn\u00e9es personnelles de l&#8217;utilisateur, et s&#8217;engage \u00e0 prot\u00e9ger la vie priv\u00e9e de ses utilisateurs conform\u00e9ment aux dispositions du R\u00e8glement (UE) 2016\/679 du 27 avril [&hellip;]<\/p>\n","protected":false},"author":1,"featured_media":0,"parent":0,"menu_order":0,"comment_status":"closed","ping_status":"closed","template":"elementor_header_footer","meta":{"_monsterinsights_skip_tracking":false,"_monsterinsights_sitenote_active":false,"_monsterinsights_sitenote_note":"","_monsterinsights_sitenote_category":0,"footnotes":""},"class_list":["post-24715","page","type-page","status-publish","hentry"],"_links":{"self":[{"href":"https:\/\/www.habitaretail.com\/fr\/wp-json\/wp\/v2\/pages\/24715","targetHints":{"allow":["GET"]}}],"collection":[{"href":"https:\/\/www.habitaretail.com\/fr\/wp-json\/wp\/v2\/pages"}],"about":[{"href":"https:\/\/www.habitaretail.com\/fr\/wp-json\/wp\/v2\/types\/page"}],"author":[{"embeddable":true,"href":"https:\/\/www.habitaretail.com\/fr\/wp-json\/wp\/v2\/users\/1"}],"replies":[{"embeddable":true,"href":"https:\/\/www.habitaretail.com\/fr\/wp-json\/wp\/v2\/comments?post=24715"}],"version-history":[{"count":2,"href":"https:\/\/www.habitaretail.com\/fr\/wp-json\/wp\/v2\/pages\/24715\/revisions"}],"predecessor-version":[{"id":52462,"href":"https:\/\/www.habitaretail.com\/fr\/wp-json\/wp\/v2\/pages\/24715\/revisions\/52462"}],"wp:attachment":[{"href":"https:\/\/www.habitaretail.com\/fr\/wp-json\/wp\/v2\/media?parent=24715"}],"curies":[{"name":"wp","href":"https:\/\/api.w.org\/{rel}","templated":true}]}}