{"id":25164,"date":"2023-09-27T09:11:45","date_gmt":"2023-09-27T07:11:45","guid":{"rendered":"https:\/\/www.habitaretail.com\/bedingungen-und-konditionen\/"},"modified":"2025-12-15T12:00:23","modified_gmt":"2025-12-15T11:00:23","slug":"bedingungen-und-konditionen","status":"publish","type":"page","link":"https:\/\/www.habitaretail.com\/de\/bedingungen-und-konditionen\/","title":{"rendered":"Bedingungen und Konditionen"},"content":{"rendered":"\t\t<div data-elementor-type=\"wp-page\" data-elementor-id=\"25164\" class=\"elementor elementor-25164 elementor-22267\" data-elementor-post-type=\"page\">\n\t\t\t\t\t\t<section class=\"elementor-section elementor-top-section elementor-element elementor-element-4831779c elementor-section-boxed elementor-section-height-default elementor-section-height-default\" data-id=\"4831779c\" data-element_type=\"section\" data-e-type=\"section\">\n\t\t\t\t\t\t<div class=\"elementor-container elementor-column-gap-default\">\n\t\t\t\t\t<div class=\"elementor-column elementor-col-100 elementor-top-column elementor-element elementor-element-7b66b9d7\" data-id=\"7b66b9d7\" data-element_type=\"column\" data-e-type=\"column\">\n\t\t\t<div class=\"elementor-widget-wrap elementor-element-populated\">\n\t\t\t\t\t\t<div class=\"elementor-element elementor-element-674c199 elementor-widget elementor-widget-spacer\" data-id=\"674c199\" data-element_type=\"widget\" data-e-type=\"widget\" data-widget_type=\"spacer.default\">\n\t\t\t\t<div class=\"elementor-widget-container\">\n\t\t\t\t\t\t\t<div class=\"elementor-spacer\">\n\t\t\t<div class=\"elementor-spacer-inner\"><\/div>\n\t\t<\/div>\n\t\t\t\t\t\t<\/div>\n\t\t\t\t<\/div>\n\t\t\t\t<div class=\"elementor-element elementor-element-5edda45 elementor-widget-tablet__width-initial elementor-widget__width-initial elementor-widget elementor-widget-heading\" data-id=\"5edda45\" data-element_type=\"widget\" data-e-type=\"widget\" data-settings=\"{&quot;_animation&quot;:&quot;none&quot;}\" data-widget_type=\"heading.default\">\n\t\t\t\t<div class=\"elementor-widget-container\">\n\t\t\t\t\t<h2 class=\"elementor-heading-title elementor-size-xxl\">Bedingungen und Konditionen<\/h2>\t\t\t\t<\/div>\n\t\t\t\t<\/div>\n\t\t\t\t<div class=\"elementor-element elementor-element-38bab163 elementor-widget__width-initial elementor-widget elementor-widget-text-editor\" data-id=\"38bab163\" data-element_type=\"widget\" data-e-type=\"widget\" data-widget_type=\"text-editor.default\">\n\t\t\t\t<div class=\"elementor-widget-container\">\n\t\t\t\t\t\t\t\t\t<h3> <\/h3><h5>1. allgemeine Bedingungen<\/h5><p>Dieses Rechtsdokument legt die Bedingungen fest, die die Nutzung und den Zugriff auf die Website <a href=\"https:\/\/www.habitaretail.com\/de\/\" target=\"_new\">https:\/\/www.habitaretail.com<\/a> (im Folgenden die Website) und die sich aus ihrer Nutzung ergebenden Verantwortlichkeiten regeln, in \u00dcbereinstimmung mit dem Gesetz 34\/2002 vom 11. Juli \u00fcber die Dienste der Informationsgesellschaft und den elektronischen Handel (LSSI). Es wird davon ausgegangen, dass der Zugriff auf oder die Nutzung der Website durch den Nutzer die Einhaltung aller Bedingungen voraussetzt, die HabitaRetail Consultoria S.L., mit NIF-B56742273 (im Folgenden &#8220;HabitaRetail&#8221;) zu diesem Zeitpunkt auf der Website ver\u00f6ffentlicht hat. HabitaRetail gew\u00e4hrleistet die Einhaltung der geltenden Rechtsvorschriften zum Schutz personenbezogener Daten, der Privatsph\u00e4re der Nutzer und der Sicherheit ihrer personenbezogenen Daten, indem es die erforderlichen technischen und organisatorischen Ma\u00dfnahmen ergreift, um den Verlust, den Missbrauch, die \u00c4nderung, den unbefugten Zugriff und den Diebstahl der bereitgestellten personenbezogenen Daten zu verhindern.<\/p><h5>2. halter<\/h5><p>Der Eigent\u00fcmer dieser Website ist HabitaRetail, mit der Kontaktadresse Via Augusta 135 Local 3\u00ba (Barcelona) und der E-Mail-Adresse <a href=\"mailto:info@habitaretail.com\" target=\"_new\">info@habitaretail.com.<\/a><\/p><h5>3. Objekt<\/h5><p>Der Zweck dieser Website ist es, \u00fcber die Aktivit\u00e4ten und Dienstleistungen zu informieren, die HabitaRetail entwickelt und anbietet.<\/p><h5>4. Rechte an geistigem und gewerblichem Eigentum<\/h5><p>Die Gesamtheit dieser Website: Texte, Bilder, Marken, Logos, Schaltfl\u00e4chen, Softwaredateien, Struktur, Auswahl, Anordnung und Pr\u00e4sentation ihres Inhalts sind durch spanische und internationale Gesetze zum geistigen und gewerblichen Eigentum gesch\u00fctzt. In keinem Fall bedeutet der Zugang Dritter zu dieser Website irgendeine Art von Verzicht, \u00dcbertragung oder vollst\u00e4ndiger oder teilweiser Abtretung der durch die spanische und internationale Gesetzgebung zum geistigen und gewerblichen Eigentum gew\u00e4hrten Rechte.<\/p><h5>5. Zugang<\/h5><p>Der Zugang zur Website ist f\u00fcr die Nutzer kostenlos. HabitaRetail beh\u00e4lt sich das Recht vor, den Zugang zu bestimmten Bereichen der Website zu beschr\u00e4nken. Der Nutzer verpflichtet sich, die Inhalte in einer sorgf\u00e4ltigen, korrekten und rechtm\u00e4\u00dfigen Weise zu nutzen.<\/p><h5>6. Verantwortung und Haftung<\/h5><p> <\/p><h6 style=\"padding-left: 40px;\">6.1. Inhaltliche Haftung<\/h6><p style=\"padding-left: 40px;\">Der Inhalt dieser Website ist allgemeiner Natur und dient ausschlie\u00dflich Informationszwecken. HabitaRetail lehnt jede Verantwortung f\u00fcr Entscheidungen ab, die der Nutzer der Website trifft.<\/p><h6 style=\"padding-left: 40px;\">6.2. Verantwortung f\u00fcr Links zu anderen Websites (Links)<\/h6><p style=\"padding-left: 40px;\">HabitaRetail \u00fcbernimmt keinerlei Haftung f\u00fcr irgendeinen Aspekt, insbesondere nicht f\u00fcr den Inhalt, der sich auf verlinkte Seiten bezieht.<\/p><h6 style=\"padding-left: 40px;\">6.3. Haftung f\u00fcr den Fall, dass diese Website das Ziel eines auf einer anderen Website eingef\u00fcgten Links ist<\/h6><p style=\"padding-left: 40px;\">HabitaRetail \u00fcbernimmt keinerlei Verantwortung f\u00fcr irgendeinen Aspekt im Zusammenhang mit der Website, die den Link anbietet.<\/p><h6 style=\"padding-left: 40px;\">6.4. Verantwortung Technische Aspekte<\/h6><p style=\"padding-left: 40px;\">HabitaRetail \u00fcbernimmt keine Haftung f\u00fcr Sch\u00e4den, die durch das f\u00fcr die Nutzung dieser Website notwendige Surfen im Internet entstehen.<\/p><h6 style=\"padding-left: 40px;\">6.5. Pflichten der Nutzer<\/h6><p style=\"padding-left: 40px;\">Der Nutzer haftet f\u00fcr alle Sch\u00e4den, die HabitaRetail infolge der Nichteinhaltung einer der in diesem rechtlichen Hinweis genannten Verpflichtungen entstehen k\u00f6nnen.<\/p><h5>7. Dauer und \u00c4nderung<\/h5><p>HabitaRetail hat das Recht, die hier festgelegten Bedingungen einseitig ganz oder teilweise zu \u00e4ndern.<\/p><h5>8. Gesetzgebung und Rechtsprechung<\/h5><p>Die vorliegenden Nutzungsbedingungen unterliegen dem spanischen Recht. Im Falle von Streitigkeiten zwischen dem Nutzer und HabitaRetail unterwerfen sich die Parteien den Gerichten von Barcelona.<\/p>\t\t\t\t\t\t\t\t<\/div>\n\t\t\t\t<\/div>\n\t\t\t\t\t<\/div>\n\t\t<\/div>\n\t\t\t\t\t<\/div>\n\t\t<\/section>\n\t\t\t\t<\/div>\n\t\t","protected":false},"excerpt":{"rendered":"<p>Bedingungen und Konditionen 1. allgemeine Bedingungen Dieses Rechtsdokument legt die Bedingungen fest, die die Nutzung und den Zugriff auf die Website https:\/\/www.habitaretail.com (im Folgenden die Website) und die sich aus ihrer Nutzung ergebenden Verantwortlichkeiten regeln, in \u00dcbereinstimmung mit dem Gesetz 34\/2002 vom 11. Juli \u00fcber die Dienste der Informationsgesellschaft und den elektronischen Handel (LSSI). Es [&hellip;]<\/p>\n","protected":false},"author":1,"featured_media":0,"parent":0,"menu_order":0,"comment_status":"closed","ping_status":"closed","template":"elementor_header_footer","meta":{"_monsterinsights_skip_tracking":false,"_monsterinsights_sitenote_active":false,"_monsterinsights_sitenote_note":"","_monsterinsights_sitenote_category":0,"footnotes":""},"class_list":["post-25164","page","type-page","status-publish","hentry"],"_links":{"self":[{"href":"https:\/\/www.habitaretail.com\/de\/wp-json\/wp\/v2\/pages\/25164","targetHints":{"allow":["GET"]}}],"collection":[{"href":"https:\/\/www.habitaretail.com\/de\/wp-json\/wp\/v2\/pages"}],"about":[{"href":"https:\/\/www.habitaretail.com\/de\/wp-json\/wp\/v2\/types\/page"}],"author":[{"embeddable":true,"href":"https:\/\/www.habitaretail.com\/de\/wp-json\/wp\/v2\/users\/1"}],"replies":[{"embeddable":true,"href":"https:\/\/www.habitaretail.com\/de\/wp-json\/wp\/v2\/comments?post=25164"}],"version-history":[{"count":2,"href":"https:\/\/www.habitaretail.com\/de\/wp-json\/wp\/v2\/pages\/25164\/revisions"}],"predecessor-version":[{"id":52500,"href":"https:\/\/www.habitaretail.com\/de\/wp-json\/wp\/v2\/pages\/25164\/revisions\/52500"}],"wp:attachment":[{"href":"https:\/\/www.habitaretail.com\/de\/wp-json\/wp\/v2\/media?parent=25164"}],"curies":[{"name":"wp","href":"https:\/\/api.w.org\/{rel}","templated":true}]}}