{"id":24712,"date":"2016-03-10T18:52:12","date_gmt":"2016-03-10T17:52:12","guid":{"rendered":"https:\/\/www.habitaretail.com\/datenschutzbestimmungen\/"},"modified":"2025-12-15T11:52:56","modified_gmt":"2025-12-15T10:52:56","slug":"datenschutzbestimmungen","status":"publish","type":"page","link":"https:\/\/www.habitaretail.com\/de\/datenschutzbestimmungen\/","title":{"rendered":"Datenschutzbestimmungen"},"content":{"rendered":"\t\t<div data-elementor-type=\"wp-page\" data-elementor-id=\"24712\" class=\"elementor elementor-24712 elementor-748\" data-elementor-post-type=\"page\">\n\t\t\t\t\t\t<section class=\"elementor-section elementor-top-section elementor-element elementor-element-4831779c elementor-section-boxed elementor-section-height-default elementor-section-height-default\" data-id=\"4831779c\" data-element_type=\"section\" data-e-type=\"section\">\n\t\t\t\t\t\t<div class=\"elementor-container elementor-column-gap-default\">\n\t\t\t\t\t<div class=\"elementor-column elementor-col-100 elementor-top-column elementor-element elementor-element-7b66b9d7\" data-id=\"7b66b9d7\" data-element_type=\"column\" data-e-type=\"column\">\n\t\t\t<div class=\"elementor-widget-wrap elementor-element-populated\">\n\t\t\t\t\t\t<div class=\"elementor-element elementor-element-674c199 elementor-widget elementor-widget-spacer\" data-id=\"674c199\" data-element_type=\"widget\" data-e-type=\"widget\" data-widget_type=\"spacer.default\">\n\t\t\t\t<div class=\"elementor-widget-container\">\n\t\t\t\t\t\t\t<div class=\"elementor-spacer\">\n\t\t\t<div class=\"elementor-spacer-inner\"><\/div>\n\t\t<\/div>\n\t\t\t\t\t\t<\/div>\n\t\t\t\t<\/div>\n\t\t\t\t<div class=\"elementor-element elementor-element-5edda45 elementor-widget-tablet__width-initial elementor-widget__width-initial elementor-widget elementor-widget-heading\" data-id=\"5edda45\" data-element_type=\"widget\" data-e-type=\"widget\" data-settings=\"{&quot;_animation&quot;:&quot;none&quot;}\" data-widget_type=\"heading.default\">\n\t\t\t\t<div class=\"elementor-widget-container\">\n\t\t\t\t\t<h2 class=\"elementor-heading-title elementor-size-xxl\">Datenschutzbestimmungen<\/h2>\t\t\t\t<\/div>\n\t\t\t\t<\/div>\n\t\t\t\t<div class=\"elementor-element elementor-element-adaa834 elementor-widget elementor-widget-spacer\" data-id=\"adaa834\" data-element_type=\"widget\" data-e-type=\"widget\" data-widget_type=\"spacer.default\">\n\t\t\t\t<div class=\"elementor-widget-container\">\n\t\t\t\t\t\t\t<div class=\"elementor-spacer\">\n\t\t\t<div class=\"elementor-spacer-inner\"><\/div>\n\t\t<\/div>\n\t\t\t\t\t\t<\/div>\n\t\t\t\t<\/div>\n\t\t\t\t<div class=\"elementor-element elementor-element-38bab163 elementor-widget__width-initial elementor-widget elementor-widget-text-editor\" data-id=\"38bab163\" data-element_type=\"widget\" data-e-type=\"widget\" data-widget_type=\"text-editor.default\">\n\t\t\t\t<div class=\"elementor-widget-container\">\n\t\t\t\t\t\t\t\t\t<h5>1) <strong>Benutzerinformationen<\/strong><\/h5><ul><li><strong>Verantwortlich f\u00fcr die Datenverarbeitung:<\/strong> Habitaretail Consultoria S.L., mit NIF-B56742273, (im Folgenden &#8220;HabitaRetail&#8221;) mit der E-Mail-Adresse <a href=\"mailto:info@habitaretail.com\" target=\"_new\">info@habitaretail.com,<\/a> ist verantwortlich f\u00fcr die Verarbeitung der personenbezogenen Daten des Nutzers und verpflichtet sich, die Privatsph\u00e4re seiner Nutzer gem\u00e4\u00df den Bestimmungen der Verordnung (EU) 2016\/679 vom 27. April 2016 (GDPR) zu sch\u00fctzen.<\/li><\/ul><h5>(2) <strong>Zweck der Datenverarbeitung<\/strong>:<\/h5><ul><li>Aufrechterhaltung einer Gesch\u00e4ftsbeziehung mit dem Nutzer.<\/li><li>Versenden von kommerziellen Mitteilungen \u00fcber unsere Produkte und Dienstleistungen, auch auf elektronischem Wege.<\/li><li>Durchf\u00fchrung von statistischen Studien.<\/li><li>Zur Bearbeitung von Anfragen oder Anfragen jeglicher Art, die vom Nutzer \u00fcber die bereitgestellten Kontaktm\u00f6glichkeiten gestellt werden.<\/li><\/ul><h5>3. <strong>Aufbewahrung von Daten:<\/strong><\/h5><p style=\"padding-left: 40px;\">Die Daten werden so lange aufbewahrt, wie ein beiderseitiges Interesse an der Aufrechterhaltung des Zwecks der Verarbeitung besteht, und werden mit geeigneten Sicherheitsma\u00dfnahmen gel\u00f6scht, um eine Pseudonymisierung der Daten oder eine vollst\u00e4ndige Vernichtung der Daten zu gew\u00e4hrleisten.<\/p><h5>4. <strong>\u00dcbermittlung von Daten:<\/strong><\/h5><p style=\"padding-left: 40px;\">Die Daten werden nicht an Dritte weitergegeben, es sei denn, wir sind gesetzlich dazu verpflichtet.<\/p><h5>5. <strong>Rechte der Nutzer:<\/strong><\/h5><ul><li>Sie k\u00f6nnen Ihre Einwilligung jederzeit widerrufen.<\/li><li>Zugang, Berichtigung, \u00dcbertragbarkeit und L\u00f6schung Ihrer Daten sowie Einschr\u00e4nkung oder Widerspruch gegen die Verarbeitung.<\/li><li>Sie k\u00f6nnen bei der Aufsichtsbeh\u00f6rde<a href=\"http:\/\/www.aepd.es\/\" target=\"_new\" rel=\"noopener\">(www.aepd.es<\/a>) eine Beschwerde einreichen, wenn Sie der Meinung sind, dass die Verarbeitung nicht mit den geltenden Vorschriften \u00fcbereinstimmt.<\/li><li>Kontakt zur Wahrnehmung Ihrer Rechte: <a href=\"mailto:info@habitaretail.com\" target=\"_new\">rgpd@habitaretail.com<\/a><\/li><\/ul><h5>6. <strong>Vom Nutzer bereitgestellte Informationen:<\/strong><\/h5><p style=\"padding-left: 40px;\">Mit dem Ankreuzen des entsprechenden K\u00e4stchens und der Eingabe von Daten in die Formularfelder akzeptiert der Nutzer ausdr\u00fccklich, frei und unmissverst\u00e4ndlich, dass seine Daten f\u00fcr die Bearbeitung seiner Anfrage erforderlich sind. Der Nutzer garantiert, dass die angegebenen pers\u00f6nlichen Daten der Wahrheit entsprechen, und ist f\u00fcr die Mitteilung etwaiger \u00c4nderungen verantwortlich.<\/p><h5>7. <strong>Sicherheitsma\u00dfnahmen:<\/strong><\/h5><p style=\"padding-left: 40px;\">HabitaRetail h\u00e4lt sich an die Bestimmungen der geltenden Vorschriften zum Schutz personenbezogener Daten und an die in der DSGVO beschriebenen Grunds\u00e4tze und garantiert die Umsetzung geeigneter technischer und organisatorischer Ma\u00dfnahmen, um die erforderlichen Sicherheitsvorkehrungen zu treffen und so die Rechte und Freiheiten der Nutzer zu sch\u00fctzen.<\/p><h5>8. <strong>\u00c4nderung der Datenschutzrichtlinie:<\/strong><\/h5><p style=\"padding-left: 40px;\">HabitaRetail beh\u00e4lt sich das Recht vor, seine Datenschutzpolitik in \u00dcbereinstimmung mit der jeweils geltenden Gesetzgebung zu \u00e4ndern. Alle \u00c4nderungen an der Datenschutzrichtlinie werden auf der Website ver\u00f6ffentlicht.<\/p><p>Datum <strong>der letzten Aktualisierung: <\/strong>27. September 2023.<\/p>\t\t\t\t\t\t\t\t<\/div>\n\t\t\t\t<\/div>\n\t\t\t\t\t<\/div>\n\t\t<\/div>\n\t\t\t\t\t<\/div>\n\t\t<\/section>\n\t\t\t\t<\/div>\n\t\t","protected":false},"excerpt":{"rendered":"<p>Datenschutzbestimmungen 1) Benutzerinformationen Verantwortlich f\u00fcr die Datenverarbeitung: Habitaretail Consultoria S.L., mit NIF-B56742273, (im Folgenden &#8220;HabitaRetail&#8221;) mit der E-Mail-Adresse info@habitaretail.com, ist verantwortlich f\u00fcr die Verarbeitung der personenbezogenen Daten des Nutzers und verpflichtet sich, die Privatsph\u00e4re seiner Nutzer gem\u00e4\u00df den Bestimmungen der Verordnung (EU) 2016\/679 vom 27. April 2016 (GDPR) zu sch\u00fctzen. (2) Zweck der Datenverarbeitung: Aufrechterhaltung [&hellip;]<\/p>\n","protected":false},"author":1,"featured_media":0,"parent":0,"menu_order":0,"comment_status":"closed","ping_status":"closed","template":"elementor_header_footer","meta":{"_monsterinsights_skip_tracking":false,"_monsterinsights_sitenote_active":false,"_monsterinsights_sitenote_note":"","_monsterinsights_sitenote_category":0,"footnotes":""},"class_list":["post-24712","page","type-page","status-publish","hentry"],"_links":{"self":[{"href":"https:\/\/www.habitaretail.com\/de\/wp-json\/wp\/v2\/pages\/24712","targetHints":{"allow":["GET"]}}],"collection":[{"href":"https:\/\/www.habitaretail.com\/de\/wp-json\/wp\/v2\/pages"}],"about":[{"href":"https:\/\/www.habitaretail.com\/de\/wp-json\/wp\/v2\/types\/page"}],"author":[{"embeddable":true,"href":"https:\/\/www.habitaretail.com\/de\/wp-json\/wp\/v2\/users\/1"}],"replies":[{"embeddable":true,"href":"https:\/\/www.habitaretail.com\/de\/wp-json\/wp\/v2\/comments?post=24712"}],"version-history":[{"count":2,"href":"https:\/\/www.habitaretail.com\/de\/wp-json\/wp\/v2\/pages\/24712\/revisions"}],"predecessor-version":[{"id":52460,"href":"https:\/\/www.habitaretail.com\/de\/wp-json\/wp\/v2\/pages\/24712\/revisions\/52460"}],"wp:attachment":[{"href":"https:\/\/www.habitaretail.com\/de\/wp-json\/wp\/v2\/media?parent=24712"}],"curies":[{"name":"wp","href":"https:\/\/api.w.org\/{rel}","templated":true}]}}