{"id":25148,"date":"2023-09-27T09:11:45","date_gmt":"2023-09-27T07:11:45","guid":{"rendered":"https:\/\/www.habitaretail.com\/termes-i-condicions\/"},"modified":"2025-12-15T12:01:07","modified_gmt":"2025-12-15T11:01:07","slug":"termes-i-condicions","status":"publish","type":"page","link":"https:\/\/www.habitaretail.com\/ca\/termes-i-condicions\/","title":{"rendered":"Termes i condicions"},"content":{"rendered":"\t\t<div data-elementor-type=\"wp-page\" data-elementor-id=\"25148\" class=\"elementor elementor-25148 elementor-22267\" data-elementor-post-type=\"page\">\n\t\t\t\t\t\t<section class=\"elementor-section elementor-top-section elementor-element elementor-element-4831779c elementor-section-boxed elementor-section-height-default elementor-section-height-default\" data-id=\"4831779c\" data-element_type=\"section\" data-e-type=\"section\">\n\t\t\t\t\t\t<div class=\"elementor-container elementor-column-gap-default\">\n\t\t\t\t\t<div class=\"elementor-column elementor-col-100 elementor-top-column elementor-element elementor-element-7b66b9d7\" data-id=\"7b66b9d7\" data-element_type=\"column\" data-e-type=\"column\">\n\t\t\t<div class=\"elementor-widget-wrap elementor-element-populated\">\n\t\t\t\t\t\t<div class=\"elementor-element elementor-element-674c199 elementor-widget elementor-widget-spacer\" data-id=\"674c199\" data-element_type=\"widget\" data-e-type=\"widget\" data-widget_type=\"spacer.default\">\n\t\t\t\t<div class=\"elementor-widget-container\">\n\t\t\t\t\t\t\t<div class=\"elementor-spacer\">\n\t\t\t<div class=\"elementor-spacer-inner\"><\/div>\n\t\t<\/div>\n\t\t\t\t\t\t<\/div>\n\t\t\t\t<\/div>\n\t\t\t\t<div class=\"elementor-element elementor-element-5edda45 elementor-widget-tablet__width-initial elementor-widget__width-initial elementor-widget elementor-widget-heading\" data-id=\"5edda45\" data-element_type=\"widget\" data-e-type=\"widget\" data-settings=\"{&quot;_animation&quot;:&quot;none&quot;}\" data-widget_type=\"heading.default\">\n\t\t\t\t<div class=\"elementor-widget-container\">\n\t\t\t\t\t<h2 class=\"elementor-heading-title elementor-size-xxl\">Termes i condicions<\/h2>\t\t\t\t<\/div>\n\t\t\t\t<\/div>\n\t\t\t\t<div class=\"elementor-element elementor-element-38bab163 elementor-widget__width-initial elementor-widget elementor-widget-text-editor\" data-id=\"38bab163\" data-element_type=\"widget\" data-e-type=\"widget\" data-widget_type=\"text-editor.default\">\n\t\t\t\t<div class=\"elementor-widget-container\">\n\t\t\t\t\t\t\t\t\t<h3> <\/h3><h5>1. Condicions Generals<\/h5><p>Aquest document legal estableix les condicions que regulen l&#8217;\u00fas i l&#8217;acc\u00e9s al lloc web <a href=\"https:\/\/www.habitaretail.com\/ca\/\" target=\"_new\">https:\/\/www.habitaretail.com<\/a> (d&#8217;ara endavant, el lloc web) i les responsabilitats derivades de la seva utilitzaci\u00f3, d&#8217;acord amb la Llei 34\/2002, d&#8217;11 de juliol, de serveis de la societat de la informaci\u00f3 i de comer\u00e7 electr\u00f2nic (LSSI). S&#8217;entendr\u00e0 que l&#8217;acc\u00e9s o la utilitzaci\u00f3 del lloc web per part de l&#8217;usuari comporta la seva adhesi\u00f3 a totes les condicions que HabitaRetail Consultoria SL, amb NIF-B56742273 (d&#8217;ara endavant &#8220;HabitaRetail&#8221;) tingui publicades en aquest moment al lloc web. HabitaRetail assegura el compliment de la legislaci\u00f3 vigent en mat\u00e8ria de protecci\u00f3 de dades personals, la privacitat dels usuaris i la seguretat de les seves dades personals, adoptant les mesures t\u00e8cniques i organitzatives necess\u00e0ries per evitar la p\u00e8rdua, mal \u00fas, alteraci\u00f3, acc\u00e9s no autoritzat i robatori de les dades personals facilitades.<\/p><h5>2. Titular<\/h5><p>El titular d&#8217;aquest lloc web \u00e9s HabitaRetail, amb adre\u00e7a de contacte a Via Augusta 135 Local 3\u00ba (Barcelona) i adre\u00e7a electr\u00f2nica <a href=\"mailto:info@habitaretail.com\" target=\"_new\">info@habitaretail.com<\/a> .<\/p><h5>3. Objecte<\/h5><p>L&#8217;objectiu d&#8217;aquest lloc web \u00e9s informar sobre les activitats i serveis que HabitaRetail desenvolupa i ofereix.<\/p><h5>4. Drets de Propietat Intel\u00b7lectual i Industrial<\/h5><p>La totalitat d&#8217;aquest lloc web: text, imatges, marques, logotips, botons, arxius de programari, estructura, selecci\u00f3, ordenaci\u00f3 i presentaci\u00f3 dels seus continguts es troba protegida per les Lleis espanyoles i internacionals sobre propietat Intel\u00b7lectual i Industrial. En cap cas l&#8217;acc\u00e9s per part de tercers a aquest lloc implica algun tipus de ren\u00fancia, transmissi\u00f3 o cessi\u00f3 total o parcial dels drets atorgats per la legislaci\u00f3 espanyola i internacional sobre propietat Intel\u00b7lectual i Industrial.<\/p><h5>5. Acc\u00e9s<\/h5><p>L&#8217;acc\u00e9s al lloc web per part dels usuaris \u00e9s lliure i gratu\u00eft. HabitaRetail es reserva el dret de limitar l&#8217;acc\u00e9s a determinades \u00e0rees del lloc web. L&#8217; usuari s&#8217; obliga a usar els continguts de forma diligent, correcta i l\u00edcita.<\/p><h5>6. Responsabilitat i Obligacions<\/h5><p> <\/p><h6 style=\"padding-left: 40px;\">6.1. Responsabilitat quant al Contingut<\/h6><p style=\"padding-left: 40px;\">El contingut d&#8217;aquest lloc web \u00e9s de car\u00e0cter general, amb una finalitat i efectes exclusivament informatius. HabitaRetail s&#8217;eximeix de qualsevol responsabilitat respecte a qualsevol decisi\u00f3 adoptada per l&#8217;usuari del lloc web.<\/p><h6 style=\"padding-left: 40px;\">6.2. Responsabilitat Respecte als Enlla\u00e7os a Altres P\u00e0gines Web (Links)<\/h6><p style=\"padding-left: 40px;\">HabitaRetail declina qualsevol tipus de responsabilitat per qualsevol aspecte, en especial el contingut, relatiu a p\u00e0gines d&#8217;enlla\u00e7.<\/p><h6 style=\"padding-left: 40px;\">6.3. Responsabilitat en el Sup\u00f2sit en qu\u00e8 aquesta P\u00e0gina sigui la Destinaci\u00f3 de l&#8217; Enlla\u00e7 Introdu\u00eft en Una altra P\u00e0gina<\/h6><p style=\"padding-left: 40px;\">HabitaRetail no assumeix cap tipus de responsabilitat per qualsevol aspecte relatiu a la p\u00e0gina web que ofereix l&#8217;enlla\u00e7.<\/p><h6 style=\"padding-left: 40px;\">6.4. Responsabilitat Aspectes T\u00e8cnics<\/h6><p style=\"padding-left: 40px;\">HabitaRetail no es fa responsable dels danys i perjudicis derivats de la navegaci\u00f3 per Internet necess\u00e0ria per a l&#8217;\u00fas d&#8217;aquest lloc web.<\/p><h6 style=\"padding-left: 40px;\">6.5. Obligacions dels Usuaris<\/h6><p style=\"padding-left: 40px;\">L&#8217;usuari respondr\u00e0 dels danys i perjudicis que HabitaRetail pugui patir com a conseq\u00fc\u00e8ncia de l&#8217;incompliment de qualsevol de les obligacions determinades en aquest av\u00eds legal.<\/p><h5>7. Durada i Modificaci\u00f3<\/h5><p>HabitaRetail tindr\u00e0 dret a modificar unilateralment els termes i condicions aqu\u00ed estipulades, de forma total o parcial.<\/p><h5>8. Legislaci\u00f3 i Jurisdicci\u00f3<\/h5><p>Aquestes condicions d&#8217; \u00fas es regeixen per la legislaci\u00f3 espanyola. En cas de controv\u00e8rsies entre l&#8217; usuari i HabitaRetail, les parts se sotmeten als Tribunals i Jutjats de Barcelona.<\/p>\t\t\t\t\t\t\t\t<\/div>\n\t\t\t\t<\/div>\n\t\t\t\t\t<\/div>\n\t\t<\/div>\n\t\t\t\t\t<\/div>\n\t\t<\/section>\n\t\t\t\t<\/div>\n\t\t","protected":false},"excerpt":{"rendered":"<p>Termes i condicions 1. Condicions Generals Aquest document legal estableix les condicions que regulen l&#8217;\u00fas i l&#8217;acc\u00e9s al lloc web https:\/\/www.habitaretail.com (d&#8217;ara endavant, el lloc web) i les responsabilitats derivades de la seva utilitzaci\u00f3, d&#8217;acord amb la Llei 34\/2002, d&#8217;11 de juliol, de serveis de la societat de la informaci\u00f3 i de comer\u00e7 electr\u00f2nic (LSSI). [&hellip;]<\/p>\n","protected":false},"author":1,"featured_media":0,"parent":0,"menu_order":0,"comment_status":"closed","ping_status":"closed","template":"elementor_header_footer","meta":{"_monsterinsights_skip_tracking":false,"_monsterinsights_sitenote_active":false,"_monsterinsights_sitenote_note":"","_monsterinsights_sitenote_category":0,"footnotes":""},"class_list":["post-25148","page","type-page","status-publish","hentry"],"_links":{"self":[{"href":"https:\/\/www.habitaretail.com\/ca\/wp-json\/wp\/v2\/pages\/25148","targetHints":{"allow":["GET"]}}],"collection":[{"href":"https:\/\/www.habitaretail.com\/ca\/wp-json\/wp\/v2\/pages"}],"about":[{"href":"https:\/\/www.habitaretail.com\/ca\/wp-json\/wp\/v2\/types\/page"}],"author":[{"embeddable":true,"href":"https:\/\/www.habitaretail.com\/ca\/wp-json\/wp\/v2\/users\/1"}],"replies":[{"embeddable":true,"href":"https:\/\/www.habitaretail.com\/ca\/wp-json\/wp\/v2\/comments?post=25148"}],"version-history":[{"count":2,"href":"https:\/\/www.habitaretail.com\/ca\/wp-json\/wp\/v2\/pages\/25148\/revisions"}],"predecessor-version":[{"id":52506,"href":"https:\/\/www.habitaretail.com\/ca\/wp-json\/wp\/v2\/pages\/25148\/revisions\/52506"}],"wp:attachment":[{"href":"https:\/\/www.habitaretail.com\/ca\/wp-json\/wp\/v2\/media?parent=25148"}],"curies":[{"name":"wp","href":"https:\/\/api.w.org\/{rel}","templated":true}]}}