{"id":25143,"date":"2023-09-27T09:32:56","date_gmt":"2023-09-27T07:32:56","guid":{"rendered":"https:\/\/www.habitaretail.com\/politica-de-cookies\/"},"modified":"2025-12-15T11:53:46","modified_gmt":"2025-12-15T10:53:46","slug":"politica-de-cookies","status":"publish","type":"page","link":"https:\/\/www.habitaretail.com\/ca\/politica-de-cookies\/","title":{"rendered":"Pol\u00edtica de Cookies"},"content":{"rendered":"\t\t<div data-elementor-type=\"wp-page\" data-elementor-id=\"25143\" class=\"elementor elementor-25143 elementor-22275\" data-elementor-post-type=\"page\">\n\t\t\t\t\t\t<section class=\"elementor-section elementor-top-section elementor-element elementor-element-4831779c elementor-section-boxed elementor-section-height-default elementor-section-height-default\" data-id=\"4831779c\" data-element_type=\"section\" data-e-type=\"section\">\n\t\t\t\t\t\t<div class=\"elementor-container elementor-column-gap-default\">\n\t\t\t\t\t<div class=\"elementor-column elementor-col-100 elementor-top-column elementor-element elementor-element-7b66b9d7\" data-id=\"7b66b9d7\" data-element_type=\"column\" data-e-type=\"column\">\n\t\t\t<div class=\"elementor-widget-wrap elementor-element-populated\">\n\t\t\t\t\t\t<div class=\"elementor-element elementor-element-674c199 elementor-widget elementor-widget-spacer\" data-id=\"674c199\" data-element_type=\"widget\" data-e-type=\"widget\" data-widget_type=\"spacer.default\">\n\t\t\t\t<div class=\"elementor-widget-container\">\n\t\t\t\t\t\t\t<div class=\"elementor-spacer\">\n\t\t\t<div class=\"elementor-spacer-inner\"><\/div>\n\t\t<\/div>\n\t\t\t\t\t\t<\/div>\n\t\t\t\t<\/div>\n\t\t\t\t<div class=\"elementor-element elementor-element-5edda45 elementor-widget-tablet__width-initial elementor-widget__width-initial elementor-widget elementor-widget-heading\" data-id=\"5edda45\" data-element_type=\"widget\" data-e-type=\"widget\" data-settings=\"{&quot;_animation&quot;:&quot;none&quot;}\" data-widget_type=\"heading.default\">\n\t\t\t\t<div class=\"elementor-widget-container\">\n\t\t\t\t\t<h2 class=\"elementor-heading-title elementor-size-xxl\">Pol\u00edtica de Cookies<\/h2>\t\t\t\t<\/div>\n\t\t\t\t<\/div>\n\t\t\t\t<div class=\"elementor-element elementor-element-556682c elementor-widget elementor-widget-spacer\" data-id=\"556682c\" data-element_type=\"widget\" data-e-type=\"widget\" data-widget_type=\"spacer.default\">\n\t\t\t\t<div class=\"elementor-widget-container\">\n\t\t\t\t\t\t\t<div class=\"elementor-spacer\">\n\t\t\t<div class=\"elementor-spacer-inner\"><\/div>\n\t\t<\/div>\n\t\t\t\t\t\t<\/div>\n\t\t\t\t<\/div>\n\t\t\t\t<div class=\"elementor-element elementor-element-38bab163 elementor-widget__width-initial elementor-widget elementor-widget-text-editor\" data-id=\"38bab163\" data-element_type=\"widget\" data-e-type=\"widget\" data-widget_type=\"text-editor.default\">\n\t\t\t\t<div class=\"elementor-widget-container\">\n\t\t\t\t\t\t\t\t\t<h5>1.- Qu\u00e8 s\u00f3n les Cookies?<\/h5><p style=\"padding-left: 40px;\">Les cookies, juntament amb tecnologies similars com local shared objects, flash cookies o p\u00edxels, s\u00f3n eines emprades pels servidors web per emmagatzemar i recuperar informaci\u00f3 sobre els seus visitants i per oferir un correcte funcionament del lloc.<\/p><h5>2.- \u00das de Cookies per Part d&#8217;HabitaRetail<\/h5><p style=\"padding-left: 40px;\">A HabitaRetail utilitzem cookies per recordar les prefer\u00e8ncies dels usuaris, per millorar l&#8217;experi\u00e8ncia de navegaci\u00f3, i per recollir dades que ens ajuden a millorar el nostre lloc web i els serveis que oferim.<\/p><h5>3.- Tipus de Cookies:<\/h5><ul><li><strong>Cookies T\u00e8cniques i Funcionals:<\/strong> Permeten la navegaci\u00f3 i utilitzaci\u00f3 dels diferents serveis i opcions.<\/li><li><strong>Cookies Anal\u00edtiques:<\/strong> Ajuden a entendre com els usuaris interactuen amb el lloc web, recopilant dades de forma an\u00f2nima.<\/li><li><strong>Cookies de Publicitat i Comportamentals:<\/strong> S&#8217; utilitzen per oferir publicitat m\u00e9s rellevant als interessos de l&#8217; usuari.<\/li><li><strong>Cookies Socials:<\/strong> Permeten compartir el nostre contingut en xarxes socials i poden rastrejar l&#8217;activitat en l\u00ednia de l&#8217;usuari.<\/li><li><strong>Cookies d&#8217; Afiliats:<\/strong> Permeten fer un seguiment de les visites procedents d&#8217;altres webs amb les quals HabitaRetail t\u00e9 un contracte d&#8217;afiliaci\u00f3.<\/li><li><strong>Cookies de Seguretat:<\/strong> Emmagatzemen informaci\u00f3 de manera xifrada per evitar vulnerabilitats.<\/li><\/ul><h5>4.- Tractament de Dades Personals<\/h5><p style=\"padding-left: 40px;\">HabitaRetail \u00e9s responsable del tractament de les dades personals de l&#8217;usuari i garanteix el seu tractament conforme a la normativa de protecci\u00f3 de dades.<\/p><h5>5.- Fins del Tractament:<\/h5><ul><li>Millorar l&#8217; experi\u00e8ncia de l&#8217; usuari.<\/li><li>Oferir productes i serveis d&#8217; inter\u00e8s.<\/li><li>Analitzar el tr\u00e0nsit per optimitzar el lloc web.<\/li><\/ul><h5 style=\"text-align: left;\">6.- Legitimaci\u00f3 del Tractament:<\/h5><p style=\"padding-left: 40px;\">Per consentiment de l&#8217;usuari (art. 6.1 GDPR).<\/p><h5 style=\"text-align: left;\">7.- Comunicaci\u00f3 de les Dades:<\/h5><p style=\"padding-left: 40px;\">No es comunicaran les dades a tercers, llevat d&#8217; obligaci\u00f3 legal o que sigui estrictament necess\u00e0ria per a la prestaci\u00f3 del servei.<\/p><h5>8.- Drets de l&#8217;Usuari:<\/h5><ul><li>Retirar el consentiment en qualsevol moment.<\/li><li>Acc\u00e9s, rectificaci\u00f3, portabilitat i supressi\u00f3 de les seves dades.<\/li><li>Presentar una reclamaci\u00f3 davant l&#8217; Autoritat de control si considera que el tractament no s&#8217; ajusta a la normativa vigent.<\/li><\/ul><h5>9.- Contacte per Exercir els seus Drets:<\/h5><p style=\"padding-left: 40px;\">HabitaRetail Consultoria SL amb NIF: B-56742273<\/p><ul><li>Email: <a href=\"mailto:info@habitaretail.com\" target=\"_new\">info@habitaretail.com<\/a><\/li><li>Adre\u00e7a: Via Augusta 135 Local 3r ( 08021 Barcelona)<\/li><\/ul><h5 style=\"text-align: left;\">10.- Gesti\u00f3 de Cookies des del Navegador:<\/h5><p style=\"padding-left: 40px;\">Els usuaris poden configurar el seu navegador per acceptar o rebutjar per defecte totes les cookies o per rebre un av\u00eds en pantalla de la recepci\u00f3 de cada cookie i decidir en aquell moment la seva implantaci\u00f3 o no. Tamb\u00e9 poden eliminar les cookies emmagatzemades en el seu equip a trav\u00e9s del seu navegador.<\/p><h5 style=\"text-align: left;\">11.- Canvis en la Pol\u00edtica de Cookies:<\/h5><p style=\"padding-left: 40px;\">HabitaRetail es reserva el dret a modificar aquesta pol\u00edtica per adaptar-la a novetats legislatives o jurisprudencials, aix\u00ed com a pr\u00e0ctiques de la ind\u00fastria. En aquests sup\u00f2sits, anunciarem en aquesta p\u00e0gina els canvis introdu\u00efts amb raonable antelaci\u00f3 a la seva posada en pr\u00e0ctica.<\/p><p>Aquest document ha estat actualitzat per \u00faltima vegada el 27 de Setembre 2023.<\/p>\t\t\t\t\t\t\t\t<\/div>\n\t\t\t\t<\/div>\n\t\t\t\t\t<\/div>\n\t\t<\/div>\n\t\t\t\t\t<\/div>\n\t\t<\/section>\n\t\t\t\t<\/div>\n\t\t","protected":false},"excerpt":{"rendered":"<p>Pol\u00edtica de Cookies 1.- Qu\u00e8 s\u00f3n les Cookies? Les cookies, juntament amb tecnologies similars com local shared objects, flash cookies o p\u00edxels, s\u00f3n eines emprades pels servidors web per emmagatzemar i recuperar informaci\u00f3 sobre els seus visitants i per oferir un correcte funcionament del lloc. 2.- \u00das de Cookies per Part d&#8217;HabitaRetail A HabitaRetail utilitzem [&hellip;]<\/p>\n","protected":false},"author":1,"featured_media":0,"parent":0,"menu_order":0,"comment_status":"closed","ping_status":"closed","template":"elementor_header_footer","meta":{"_monsterinsights_skip_tracking":false,"_monsterinsights_sitenote_active":false,"_monsterinsights_sitenote_note":"","_monsterinsights_sitenote_category":0,"footnotes":""},"class_list":["post-25143","page","type-page","status-publish","hentry"],"_links":{"self":[{"href":"https:\/\/www.habitaretail.com\/ca\/wp-json\/wp\/v2\/pages\/25143","targetHints":{"allow":["GET"]}}],"collection":[{"href":"https:\/\/www.habitaretail.com\/ca\/wp-json\/wp\/v2\/pages"}],"about":[{"href":"https:\/\/www.habitaretail.com\/ca\/wp-json\/wp\/v2\/types\/page"}],"author":[{"embeddable":true,"href":"https:\/\/www.habitaretail.com\/ca\/wp-json\/wp\/v2\/users\/1"}],"replies":[{"embeddable":true,"href":"https:\/\/www.habitaretail.com\/ca\/wp-json\/wp\/v2\/comments?post=25143"}],"version-history":[{"count":2,"href":"https:\/\/www.habitaretail.com\/ca\/wp-json\/wp\/v2\/pages\/25143\/revisions"}],"predecessor-version":[{"id":52483,"href":"https:\/\/www.habitaretail.com\/ca\/wp-json\/wp\/v2\/pages\/25143\/revisions\/52483"}],"wp:attachment":[{"href":"https:\/\/www.habitaretail.com\/ca\/wp-json\/wp\/v2\/media?parent=25143"}],"curies":[{"name":"wp","href":"https:\/\/api.w.org\/{rel}","templated":true}]}}