{"id":24703,"date":"2016-03-10T18:52:12","date_gmt":"2016-03-10T17:52:12","guid":{"rendered":"https:\/\/www.habitaretail.com\/politica-de-privacitat\/"},"modified":"2025-12-15T11:52:56","modified_gmt":"2025-12-15T10:52:56","slug":"politica-de-privacitat","status":"publish","type":"page","link":"https:\/\/www.habitaretail.com\/ca\/politica-de-privacitat\/","title":{"rendered":"Pol\u00edtica de Privacitat"},"content":{"rendered":"\t\t<div data-elementor-type=\"wp-page\" data-elementor-id=\"24703\" class=\"elementor elementor-24703 elementor-748\" data-elementor-post-type=\"page\">\n\t\t\t\t\t\t<section class=\"elementor-section elementor-top-section elementor-element elementor-element-4831779c elementor-section-boxed elementor-section-height-default elementor-section-height-default\" data-id=\"4831779c\" data-element_type=\"section\" data-e-type=\"section\">\n\t\t\t\t\t\t<div class=\"elementor-container elementor-column-gap-default\">\n\t\t\t\t\t<div class=\"elementor-column elementor-col-100 elementor-top-column elementor-element elementor-element-7b66b9d7\" data-id=\"7b66b9d7\" data-element_type=\"column\" data-e-type=\"column\">\n\t\t\t<div class=\"elementor-widget-wrap elementor-element-populated\">\n\t\t\t\t\t\t<div class=\"elementor-element elementor-element-674c199 elementor-widget elementor-widget-spacer\" data-id=\"674c199\" data-element_type=\"widget\" data-e-type=\"widget\" data-widget_type=\"spacer.default\">\n\t\t\t\t<div class=\"elementor-widget-container\">\n\t\t\t\t\t\t\t<div class=\"elementor-spacer\">\n\t\t\t<div class=\"elementor-spacer-inner\"><\/div>\n\t\t<\/div>\n\t\t\t\t\t\t<\/div>\n\t\t\t\t<\/div>\n\t\t\t\t<div class=\"elementor-element elementor-element-5edda45 elementor-widget-tablet__width-initial elementor-widget__width-initial elementor-widget elementor-widget-heading\" data-id=\"5edda45\" data-element_type=\"widget\" data-e-type=\"widget\" data-settings=\"{&quot;_animation&quot;:&quot;none&quot;}\" data-widget_type=\"heading.default\">\n\t\t\t\t<div class=\"elementor-widget-container\">\n\t\t\t\t\t<h2 class=\"elementor-heading-title elementor-size-xxl\">Pol\u00edtica de privacitat<\/h2>\t\t\t\t<\/div>\n\t\t\t\t<\/div>\n\t\t\t\t<div class=\"elementor-element elementor-element-adaa834 elementor-widget elementor-widget-spacer\" data-id=\"adaa834\" data-element_type=\"widget\" data-e-type=\"widget\" data-widget_type=\"spacer.default\">\n\t\t\t\t<div class=\"elementor-widget-container\">\n\t\t\t\t\t\t\t<div class=\"elementor-spacer\">\n\t\t\t<div class=\"elementor-spacer-inner\"><\/div>\n\t\t<\/div>\n\t\t\t\t\t\t<\/div>\n\t\t\t\t<\/div>\n\t\t\t\t<div class=\"elementor-element elementor-element-38bab163 elementor-widget__width-initial elementor-widget elementor-widget-text-editor\" data-id=\"38bab163\" data-element_type=\"widget\" data-e-type=\"widget\" data-widget_type=\"text-editor.default\">\n\t\t\t\t<div class=\"elementor-widget-container\">\n\t\t\t\t\t\t\t\t\t<h5>1. <strong>Informaci\u00f3 a l&#8217;Usuari<\/strong><\/h5><ul><li><strong>Responsable del Tractament de Dades:<\/strong> Habitaretail Consultoria SL, amb NIF-B56742273, (d&#8217;ara endavant &#8220;HabitaRetail&#8221;) amb adre\u00e7a de correu electr\u00f2nic <a href=\"mailto:info@habitaretail.com\" target=\"_new\">info@habitaretail.com<\/a> , \u00e9s el responsable del tractament de les dades personals de l&#8217;usuari, i es compromet a protegir la privadesa dels seus usuaris d&#8217;acord amb el que7 abril del 2016 (GDPR).<\/li><\/ul><h5>2. <strong>Finalitat del Tractament de Dades:<\/strong><\/h5><ul><li>Mantenir una relaci\u00f3 comercial amb l&#8217; usuari.<\/li><li>Tramesa de comunicacions comercials relacionades amb els nostres productes i serveis, incloent-hi per mitjans electr\u00f2nics.<\/li><li>Realitzaci\u00f3 d&#8217; estudis estad\u00edstics.<\/li><li>Tramitar sol\u00b7licituds o qualsevol tipus de petici\u00f3 realitzada per l&#8217;usuari a trav\u00e9s dels m\u00e8todes de contacte proporcionats.<\/li><\/ul><h5>3. <strong>Conservaci\u00f3 de les Dades:<\/strong><\/h5><p style=\"padding-left: 40px;\">Les dades es conservaran mentre existeixi un inter\u00e8s mutu per mantenir la fi del tractament i seran suprimides amb mesures de seguretat adequades per garantir la seguretat de les dades o la destrucci\u00f3 total d&#8217; aquestes.<\/p><h5>4. <strong>Comunicaci\u00f3 de les Dades:<\/strong><\/h5><p style=\"padding-left: 40px;\">Les dades no es comunicaran a tercers, llevat d&#8217; obligaci\u00f3 legal.<\/p><h5>5. <strong>Drets dels Usuaris:<\/strong><\/h5><ul><li>Retirar el consentiment en qualsevol moment.<\/li><li>Acc\u00e9s, rectificaci\u00f3, portabilitat i supressi\u00f3 de les seves dades i a la limitaci\u00f3 o oposici\u00f3 al seu tractament.<\/li><li>Presentar una reclamaci\u00f3 davant l&#8217;autoritat de control (<a href=\"http:\/\/www.aepd.es\/\" target=\"_new\" rel=\"noopener\">www.aepd.es<\/a>) si considera que el tractament no s&#8217;ajusta a la normativa vigent.<\/li><li>Contacte per exercir els seus drets: <a href=\"mailto:info@habitaretail.com\" target=\"_new\">rgpd@habitaretail.com<\/a><\/li><\/ul><h5>6. <strong>Informaci\u00f3 Facilitada per l&#8217;Usuari:<\/strong><\/h5><p style=\"padding-left: 40px;\">Els usuaris, en marcar la casella corresponent i ingressar dades en els camps dels formularis, accepten expressament i de forma lliure i inequ\u00edvoca, que les seves dades s\u00f3n necess\u00e0ries per atendre la seva sol\u00b7licitud. L&#8217;usuari garanteix que les dades personals proporcionades s\u00f3n veraces i \u00e9s responsable de comunicar qualsevol modificaci\u00f3.<\/p><h5>7. <strong>Mesures de Seguretat:<\/strong><\/h5><p style=\"padding-left: 40px;\">HabitaRetail compleix amb les disposicions de les normatives vigents en protecci\u00f3 de dades personals i amb els principis descrits en el GDPR, garantint la implementaci\u00f3 de pol\u00edtiques t\u00e8cniques i organitzatives apropiades per aplicar les mesures de seguretat requerides, protegint aix\u00ed els drets i llibertats dels usuaris.<\/p><h5>8. <strong>Modificaci\u00f3 de la Pol\u00edtica de Privacitat:<\/strong><\/h5><p style=\"padding-left: 40px;\">HabitaRetail es reserva el dret de modificar la seva Pol\u00edtica de Privacitat d&#8217;acord amb la legislaci\u00f3 aplicable en cada moment. Qualsevol modificaci\u00f3 de la Pol\u00edtica de Privacitat ser\u00e0 publicada al lloc web.<\/p><p><strong>Data de la Darrera Actualitzaci\u00f3: <\/strong>27 de Setembre 2023.<\/p>\t\t\t\t\t\t\t\t<\/div>\n\t\t\t\t<\/div>\n\t\t\t\t\t<\/div>\n\t\t<\/div>\n\t\t\t\t\t<\/div>\n\t\t<\/section>\n\t\t\t\t<\/div>\n\t\t","protected":false},"excerpt":{"rendered":"<p>Pol\u00edtica de privacitat 1. Informaci\u00f3 a l&#8217;Usuari Responsable del Tractament de Dades: Habitaretail Consultoria SL, amb NIF-B56742273, (d&#8217;ara endavant &#8220;HabitaRetail&#8221;) amb adre\u00e7a de correu electr\u00f2nic info@habitaretail.com , \u00e9s el responsable del tractament de les dades personals de l&#8217;usuari, i es compromet a protegir la privadesa dels seus usuaris d&#8217;acord amb el que7 abril del 2016 [&hellip;]<\/p>\n","protected":false},"author":1,"featured_media":0,"parent":0,"menu_order":0,"comment_status":"closed","ping_status":"closed","template":"elementor_header_footer","meta":{"_monsterinsights_skip_tracking":false,"_monsterinsights_sitenote_active":false,"_monsterinsights_sitenote_note":"","_monsterinsights_sitenote_category":0,"footnotes":""},"class_list":["post-24703","page","type-page","status-publish","hentry"],"_links":{"self":[{"href":"https:\/\/www.habitaretail.com\/ca\/wp-json\/wp\/v2\/pages\/24703","targetHints":{"allow":["GET"]}}],"collection":[{"href":"https:\/\/www.habitaretail.com\/ca\/wp-json\/wp\/v2\/pages"}],"about":[{"href":"https:\/\/www.habitaretail.com\/ca\/wp-json\/wp\/v2\/types\/page"}],"author":[{"embeddable":true,"href":"https:\/\/www.habitaretail.com\/ca\/wp-json\/wp\/v2\/users\/1"}],"replies":[{"embeddable":true,"href":"https:\/\/www.habitaretail.com\/ca\/wp-json\/wp\/v2\/comments?post=24703"}],"version-history":[{"count":2,"href":"https:\/\/www.habitaretail.com\/ca\/wp-json\/wp\/v2\/pages\/24703\/revisions"}],"predecessor-version":[{"id":52466,"href":"https:\/\/www.habitaretail.com\/ca\/wp-json\/wp\/v2\/pages\/24703\/revisions\/52466"}],"wp:attachment":[{"href":"https:\/\/www.habitaretail.com\/ca\/wp-json\/wp\/v2\/media?parent=24703"}],"curies":[{"name":"wp","href":"https:\/\/api.w.org\/{rel}","templated":true}]}}